{"id":1224,"date":"2025-01-26T10:45:07","date_gmt":"2025-01-26T09:45:07","guid":{"rendered":"https:\/\/wp.svshk.org\/?page_id=1224"},"modified":"2026-03-06T11:16:38","modified_gmt":"2026-03-06T10:16:38","slug":"der-internationale-schweishundverband-ishv","status":"publish","type":"page","link":"https:\/\/wp.svshk.org\/?page_id=1224","title":{"rendered":"Der Internationale Schwei\u00dfhundverband \u2013 ISHV"},"content":{"rendered":"\n<h2 class=\"wp-block-heading has-text-align-center\">Der Internationale Schwei\u00dfhundverband \u2013 ISHV <\/h2>\n\n\n\n<figure class=\"wp-block-image aligncenter size-full\"><img loading=\"lazy\" decoding=\"async\" width=\"204\" height=\"110\" src=\"https:\/\/wp.svshk.org\/wp-content\/uploads\/2025\/01\/ishv.png\" alt=\"\" class=\"wp-image-1225\"\/><\/figure>\n\n\n\n<p>ISHV grundades \u00e5r 1930 av Verein Hirschmann, \u00d6sterrikiska Schweisshundf\u00f6reningen, Ungerska Schweisshundf\u00f6reningen och Klubben f\u00f6r Bayerischer Gebirgsschwei\u00dfhund 1912 e.V.<\/p>\n\n\n\n<p>ISHV \u00e4r en frivillig sammanslutning av europeiska avelsf\u00f6reningar f\u00f6r de tv\u00e5 schweisshundsraserna Hannoveransk schweisshund och Bayerisk viltsp\u00e5rhund. Syftet var och \u00e4r att avla dessa schweisshundsraser i enlighet med deras anv\u00e4ndningsomr\u00e5de.<\/p>\n\n\n\n<p>Alla f\u00f6reningar har f\u00f6rbundit sig att avla schweisshundar enligt de standarder som registrerats hos FCI. FCI-standard 213 g\u00e4ller f\u00f6r Hannoveransk schweisshund och FCI-standard 217 f\u00f6r Bayerisk viltsp\u00e5rhund.<\/p>\n\n\n\n<p>ISHV har f\u00f6r n\u00e4rvarande 13 fullv\u00e4rdiga medlemmar, en tillf\u00e4llig medlem och en g\u00e4stf\u00f6rening.<\/p>\n\n\n\n<p>Tack vare detta f\u00f6rbund kan vi utbyta avelshanar och valpar mellan varandra och d\u00e4rigenom fullt ut anv\u00e4nda avelsbasen f\u00f6r de b\u00e5da raserna s\u00e5 l\u00e5ngt som m\u00f6jligt, f\u00f6r att undvika inavel.<\/p>\n\n\n\n<p>Samarbetet mellan avelsledarna i medlemsf\u00f6reningarna \u00e4r mycket konstruktivt, och genom ett internationellt avelsregister kan vi \u00e4ven i sn\u00e4va avelslinjer hitta en kraftfull partner.<\/p>\n\n\n\n<p>Alla valpar som l\u00e4mnar det land d\u00e4r de f\u00f6tts upp f\u00f6rses med en ISHV-vinjett p\u00e5 stamtavlan, f\u00f6r att f\u00f6rs\u00e4kra k\u00f6paren om att avelsreglerna har uppfyllts fullt ut.<\/p>\n\n\n\n<p>Vartannat \u00e5r h\u00e5lls ett ISHV m\u00e4sterskap tillsammans med ISHV:s avelsm\u00f6te och \u00e5rsm\u00f6te. Evenemanget organiseras v\u00e4xelvis av en av medlemsf\u00f6reningarna. \u00c5r 2023 h\u00f6lls det av \u00d6SHV, och 2025 kommer det att arrangeras av CMKCHB i Tjeckien. <br>Det 39:e \u00e5rsm\u00f6tet f\u00f6r ISHV kommer att h\u00e5llas fr\u00e5n den 5 till den 9 november 2025 n\u00e4ra Karlsbad.<\/p>\n\n\n\n<p>Inbjudan kommer att publiceras p\u00e5 <a href=\"https:\/\/www.ishv.info\" target=\"_blank\" rel=\"noreferrer noopener\">ISHV:s hemsida<\/a>.<\/p>\n\n\n\n<p class=\"has-medium-font-size\">ISHV har tv\u00e5 hedersordf\u00f6randen:<\/p>\n\n\n\n<p>\u2022 Dr. Georg Volquarts<\/p>\n\n\n\n<p>\u2022 Dr. J\u00f3zsef Buzgo<\/p>\n\n\n\n<p class=\"has-medium-font-size\">Ansvariga inom ISHV \u00e4r:<\/p>\n\n\n\n<p>\u2022 <strong>Martin Schuster<\/strong> \u2013 F\u00f6rste ordf\u00f6rande (\u00d6SHV)<\/p>\n\n\n\n<p>\u2022 <strong>Tibor Ge\u0161vandtner<\/strong> \u2013 Andre ordf\u00f6rande (KCHF)<\/p>\n\n\n\n<p>\u2022 <strong>Ing. Jaroslav Nerad<\/strong> \u2013 Tredje ordf\u00f6rande (CMKCHB)<\/p>\n\n\n\n<p>\u2022 <strong>Axel Neumann<\/strong> \u2013 Kass\u00f6r (VH)<\/p>\n\n\n\n<p>\u2022 <strong>Konrad Kreitmair<\/strong> \u2013 Verksamhetsansvarig (KBGS)<\/p>\n\n\n\n<p class=\"has-medium-font-size\">Anslutna klubbar:<\/p>\n\n\n\n<ul class=\"wp-block-list\">\n<li>Klub f\u00fcr Bayerische Gebirgsschwei\u00dfhunde 1912 e.V. (KBGS)<\/li>\n\n\n\n<li>Verein Hirschmann, VH<\/li>\n\n\n\n<li>\u00d6sterreichischer Schwei\u00dfhundeverein (\u00d6SHV)<\/li>\n\n\n\n<li>Ungarischer Schwei\u00dfhundeverein (USHV)<\/li>\n\n\n\n<li>Schweizerische Schwei\u00dfhund Club (SSC) (Blev medlem 1967)<\/li>\n\n\n\n<li>Club Francaise du Chien de Rouge du Hanovre et de Baviere (CFCRHB) (1993)<\/li>\n\n\n\n<li>Ceskomoravski Klub Chovatelu Barvaru Pri Cmmi (CMKCHB) (1995)<\/li>\n\n\n\n<li>Klub chovatelov farbiarov pri Slovanskom polovinikom zv\u00e1ze (KCHF) (1995)<\/li>\n\n\n\n<li>Klub Posokowca przy Polskim Zwi\u0105zku \u0141owieckim (1997)<\/li>\n\n\n\n<li>Schweden (SvSHK) (2017)<\/li>\n\n\n\n<li>Schweisshund Club Italien (SHCI) (2019)<\/li>\n\n\n\n<li>Belgische Club voor Beierse- bergzweethonden en Hannoveraan (BCBGS) (2019)<\/li>\n\n\n\n<li>Klub hanoverskih in bavarskih barvarjev Slovenije (KVSVKB) (2023)<\/li>\n<\/ul>\n\n\n\n<p class=\"has-medium-font-size\">Provisorisk medlem:<\/p>\n\n\n\n<ul class=\"wp-block-list\">\n<li>Norsk Schweisshund Klubb &#8211; (NSHK)<\/li>\n<\/ul>\n\n\n\n<p class=\"has-medium-font-size\">G\u00e4stmedlem:<\/p>\n\n\n\n<ul class=\"wp-block-list\">\n<li>Limier Club Romania (LCR)<\/li>\n<\/ul>\n","protected":false},"excerpt":{"rendered":"<p>Der Internationale Schwei\u00dfhundverband \u2013 ISHV ISHV grundades \u00e5r 1930 av Verein Hirschmann, \u00d6sterrikiska Schweisshundf\u00f6reningen, Ungerska Schweisshundf\u00f6reningen och Klubben f\u00f6r Bayerischer Gebirgsschwei\u00dfhund 1912 e.V. ISHV \u00e4r en frivillig sammanslutning av europeiska [&hellip;]<\/p>\n","protected":false},"author":1,"featured_media":0,"parent":0,"menu_order":0,"comment_status":"closed","ping_status":"closed","template":"","meta":{"_cbd_carousel_blocks":"[]","_monsterinsights_skip_tracking":false,"_monsterinsights_sitenote_active":false,"_monsterinsights_sitenote_note":"","_monsterinsights_sitenote_category":0,"site-sidebar-layout":"default","site-content-layout":"","ast-site-content-layout":"","site-content-style":"default","site-sidebar-style":"default","ast-global-header-display":"","ast-banner-title-visibility":"","ast-main-header-display":"","ast-hfb-above-header-display":"","ast-hfb-below-header-display":"","ast-hfb-mobile-header-display":"","site-post-title":"disabled","ast-breadcrumbs-content":"","ast-featured-img":"","footer-sml-layout":"","ast-disable-related-posts":"","theme-transparent-header-meta":"","adv-header-id-meta":"","stick-header-meta":"","header-above-stick-meta":"","header-main-stick-meta":"","header-below-stick-meta":"","astra-migrate-meta-layouts":"default","ast-page-background-enabled":"default","ast-page-background-meta":{"desktop":{"background-color":"var(--ast-global-color-4)","background-image":"","background-repeat":"repeat","background-position":"center center","background-size":"auto","background-attachment":"scroll","background-type":"","background-media":"","overlay-type":"","overlay-color":"","overlay-opacity":"","overlay-gradient":""},"tablet":{"background-color":"","background-image":"","background-repeat":"repeat","background-position":"center center","background-size":"auto","background-attachment":"scroll","background-type":"","background-media":"","overlay-type":"","overlay-color":"","overlay-opacity":"","overlay-gradient":""},"mobile":{"background-color":"","background-image":"","background-repeat":"repeat","background-position":"center center","background-size":"auto","background-attachment":"scroll","background-type":"","background-media":"","overlay-type":"","overlay-color":"","overlay-opacity":"","overlay-gradient":""}},"ast-content-background-meta":{"desktop":{"background-color":"var(--ast-global-color-5)","background-image":"","background-repeat":"repeat","background-position":"center center","background-size":"auto","background-attachment":"scroll","background-type":"","background-media":"","overlay-type":"","overlay-color":"","overlay-opacity":"","overlay-gradient":""},"tablet":{"background-color":"var(--ast-global-color-5)","background-image":"","background-repeat":"repeat","background-position":"center center","background-size":"auto","background-attachment":"scroll","background-type":"","background-media":"","overlay-type":"","overlay-color":"","overlay-opacity":"","overlay-gradient":""},"mobile":{"background-color":"var(--ast-global-color-5)","background-image":"","background-repeat":"repeat","background-position":"center center","background-size":"auto","background-attachment":"scroll","background-type":"","background-media":"","overlay-type":"","overlay-color":"","overlay-opacity":"","overlay-gradient":""}},"footnotes":""},"class_list":["post-1224","page","type-page","status-publish","hentry"],"_links":{"self":[{"href":"https:\/\/wp.svshk.org\/index.php?rest_route=\/wp\/v2\/pages\/1224","targetHints":{"allow":["GET"]}}],"collection":[{"href":"https:\/\/wp.svshk.org\/index.php?rest_route=\/wp\/v2\/pages"}],"about":[{"href":"https:\/\/wp.svshk.org\/index.php?rest_route=\/wp\/v2\/types\/page"}],"author":[{"embeddable":true,"href":"https:\/\/wp.svshk.org\/index.php?rest_route=\/wp\/v2\/users\/1"}],"replies":[{"embeddable":true,"href":"https:\/\/wp.svshk.org\/index.php?rest_route=%2Fwp%2Fv2%2Fcomments&post=1224"}],"version-history":[{"count":6,"href":"https:\/\/wp.svshk.org\/index.php?rest_route=\/wp\/v2\/pages\/1224\/revisions"}],"predecessor-version":[{"id":1601,"href":"https:\/\/wp.svshk.org\/index.php?rest_route=\/wp\/v2\/pages\/1224\/revisions\/1601"}],"wp:attachment":[{"href":"https:\/\/wp.svshk.org\/index.php?rest_route=%2Fwp%2Fv2%2Fmedia&parent=1224"}],"curies":[{"name":"wp","href":"https:\/\/api.w.org\/{rel}","templated":true}]}}