{"id":1260,"date":"2025-02-11T12:47:38","date_gmt":"2025-02-11T11:47:38","guid":{"rendered":"https:\/\/wp.svshk.org\/?page_id=1260"},"modified":"2026-03-02T21:34:33","modified_gmt":"2026-03-02T20:34:33","slug":"anmalan-till-svshk-specialutstallning-i-herrfallet-2025","status":"publish","type":"page","link":"https:\/\/wp.svshk.org\/?page_id=1260","title":{"rendered":"Anm\u00e4lan till SvSHK specialutst\u00e4llning i Herrfallet 2026"},"content":{"rendered":"\n<p>Fyll i nedanst\u00e5ende formul\u00e4r f\u00f6r att anm\u00e4la din hund till utst\u00e4llningen.<\/p>\n\n\n\n<p>En kopia av anm\u00e4lan skickas till din epost.<\/p>\n\n\n<style id=\"wpforms-css-vars-1252-block-13c6fe01-c1e7-4253-bdbc-3a883f971efa\">\n\t\t\t\t#wpforms-1252.wpforms-block-13c6fe01-c1e7-4253-bdbc-3a883f971efa {\n\t\t\t\t--wpforms-field-size-input-height: 43px;\n--wpforms-field-size-input-spacing: 15px;\n--wpforms-field-size-font-size: 16px;\n--wpforms-field-size-line-height: 19px;\n--wpforms-field-size-padding-h: 14px;\n--wpforms-field-size-checkbox-size: 16px;\n--wpforms-field-size-sublabel-spacing: 5px;\n--wpforms-field-size-icon-size: 1;\n--wpforms-label-size-font-size: 16px;\n--wpforms-label-size-line-height: 19px;\n--wpforms-label-size-sublabel-font-size: 14px;\n--wpforms-label-size-sublabel-line-height: 17px;\n--wpforms-button-size-font-size: 17px;\n--wpforms-button-size-height: 41px;\n--wpforms-button-size-padding-h: 15px;\n--wpforms-button-size-margin-top: 10px;\n\t\t\t}\n\t\t\t<\/style><div class=\"wpforms-container wpforms-container-full wpforms-block wpforms-block-13c6fe01-c1e7-4253-bdbc-3a883f971efa wpforms-render-modern\" id=\"wpforms-1252\"><form id=\"wpforms-form-1252\" class=\"wpforms-validate wpforms-form wpforms-ajax-form\" data-formid=\"1252\" method=\"post\" enctype=\"multipart\/form-data\" action=\"\/index.php?rest_route=%2Fwp%2Fv2%2Fpages%2F1260\" data-token=\"a31afdd96235a06936bcc30afa53074a\" data-token-time=\"1777630004\"><noscript class=\"wpforms-error-noscript\">Aktivera JavaScript i din webbl\u00e4sare f\u00f6r att fylla i formul\u00e4ret.<\/noscript><div id=\"wpforms-error-noscript\" style=\"display: none;\">Aktivera JavaScript i din webbl\u00e4sare f\u00f6r att fylla i formul\u00e4ret.<\/div><div class=\"wpforms-field-container\"><div id=\"wpforms-1252-field_2-container\" class=\"wpforms-field wpforms-field-checkbox\" data-field-id=\"2\"><fieldset><legend class=\"wpforms-field-label\">Ras <span class=\"wpforms-required-label\" aria-hidden=\"true\">*<\/span><\/legend><ul id=\"wpforms-1252-field_2\" class=\"wpforms-field-required\" data-choice-limit=\"1\"><li class=\"choice-1 depth-1\"><input type=\"checkbox\" id=\"wpforms-1252-field_2_1\" data-rule-check-limit=\"true\" name=\"wpforms[fields][2][]\" value=\"Bayersk Viltsp\u00e5rhund\" aria-errormessage=\"wpforms-1252-field_2_1-error\" required ><label class=\"wpforms-field-label-inline\" for=\"wpforms-1252-field_2_1\">Bayersk Viltsp\u00e5rhund<\/label><\/li><li class=\"choice-2 depth-1\"><input type=\"checkbox\" id=\"wpforms-1252-field_2_2\" data-rule-check-limit=\"true\" name=\"wpforms[fields][2][]\" value=\"Hannoveransk Viltsp\u00e5rhund\" aria-errormessage=\"wpforms-1252-field_2_2-error\" required ><label class=\"wpforms-field-label-inline\" for=\"wpforms-1252-field_2_2\">Hannoveransk Viltsp\u00e5rhund<\/label><\/li><\/ul><\/fieldset><\/div><div id=\"wpforms-1252-field_3-container\" class=\"wpforms-field wpforms-field-text\" data-field-id=\"3\"><label class=\"wpforms-field-label\" for=\"wpforms-1252-field_3\">Reg.nummer <span class=\"wpforms-required-label\" aria-hidden=\"true\">*<\/span><\/label><input type=\"text\" id=\"wpforms-1252-field_3\" class=\"wpforms-field-medium wpforms-field-required\" name=\"wpforms[fields][3]\" aria-errormessage=\"wpforms-1252-field_3-error\" required><\/div><div id=\"wpforms-1252-field_4-container\" class=\"wpforms-field wpforms-field-checkbox\" data-field-id=\"4\"><fieldset><legend class=\"wpforms-field-label\">K\u00f6n <span class=\"wpforms-required-label\" aria-hidden=\"true\">*<\/span><\/legend><ul id=\"wpforms-1252-field_4\" class=\"wpforms-field-required\" data-choice-limit=\"1\"><li class=\"choice-1 depth-1\"><input type=\"checkbox\" id=\"wpforms-1252-field_4_1\" data-rule-check-limit=\"true\" name=\"wpforms[fields][4][]\" value=\"Tik\" aria-errormessage=\"wpforms-1252-field_4_1-error\" required ><label class=\"wpforms-field-label-inline\" for=\"wpforms-1252-field_4_1\">Tik<\/label><\/li><li class=\"choice-2 depth-1\"><input type=\"checkbox\" id=\"wpforms-1252-field_4_2\" data-rule-check-limit=\"true\" name=\"wpforms[fields][4][]\" value=\"Hane\" aria-errormessage=\"wpforms-1252-field_4_2-error\" required ><label class=\"wpforms-field-label-inline\" for=\"wpforms-1252-field_4_2\">Hane<\/label><\/li><\/ul><\/fieldset><\/div>\t\t<div id=\"wpforms-1252-field_1-container\"\n\t\t\tclass=\"wpforms-field wpforms-field-text\"\n\t\t\tdata-field-type=\"text\"\n\t\t\tdata-field-id=\"1\"\n\t\t\t>\n\t\t\t<label class=\"wpforms-field-label\" for=\"wpforms-1252-field_1\" >och upplysningar f\u00f6delsedatum<\/label>\n\t\t\t<input type=\"text\" id=\"wpforms-1252-field_1\" class=\"wpforms-field-medium\" name=\"wpforms[fields][1]\" >\n\t\t<\/div>\n\t\t<div id=\"wpforms-1252-field_5-container\" class=\"wpforms-field wpforms-field-text\" data-field-id=\"5\"><label class=\"wpforms-field-label\" for=\"wpforms-1252-field_5\">Hundens namn och ev titlar <span class=\"wpforms-required-label\" aria-hidden=\"true\">*<\/span><\/label><input type=\"text\" id=\"wpforms-1252-field_5\" class=\"wpforms-field-medium wpforms-field-required\" name=\"wpforms[fields][5]\" aria-errormessage=\"wpforms-1252-field_5-error\" required><\/div><div id=\"wpforms-1252-field_6-container\" class=\"wpforms-field wpforms-field-text\" data-field-id=\"6\"><label class=\"wpforms-field-label\" for=\"wpforms-1252-field_6\">Hundens f\u00f6delsedatum <span class=\"wpforms-required-label\" aria-hidden=\"true\">*<\/span><\/label><input type=\"text\" id=\"wpforms-1252-field_6\" class=\"wpforms-field-medium wpforms-field-required\" name=\"wpforms[fields][6]\" aria-errormessage=\"wpforms-1252-field_6-error\" required><\/div><div id=\"wpforms-1252-field_7-container\" class=\"wpforms-field wpforms-field-textarea\" data-field-id=\"7\"><label class=\"wpforms-field-label\" for=\"wpforms-1252-field_7\">Uppf\u00f6dare &#8211; namn och ort <span class=\"wpforms-required-label\" aria-hidden=\"true\">*<\/span><\/label><textarea id=\"wpforms-1252-field_7\" class=\"wpforms-field-medium wpforms-field-required\" name=\"wpforms[fields][7]\" aria-errormessage=\"wpforms-1252-field_7-error\" required><\/textarea><\/div><div id=\"wpforms-1252-field_8-container\" class=\"wpforms-field wpforms-field-text\" data-field-id=\"8\"><label class=\"wpforms-field-label\" for=\"wpforms-1252-field_8\">Hundens mor (Namn och reg.nr) <span class=\"wpforms-required-label\" aria-hidden=\"true\">*<\/span><\/label><input type=\"text\" id=\"wpforms-1252-field_8\" class=\"wpforms-field-medium wpforms-field-required\" name=\"wpforms[fields][8]\" aria-errormessage=\"wpforms-1252-field_8-error\" required><\/div><div id=\"wpforms-1252-field_10-container\" class=\"wpforms-field wpforms-field-text\" data-field-id=\"10\"><label class=\"wpforms-field-label\" for=\"wpforms-1252-field_10\">Hundens far (Namn och reg.nr) <span class=\"wpforms-required-label\" aria-hidden=\"true\">*<\/span><\/label><input type=\"text\" id=\"wpforms-1252-field_10\" class=\"wpforms-field-medium wpforms-field-required\" name=\"wpforms[fields][10]\" aria-errormessage=\"wpforms-1252-field_10-error\" required><\/div><div id=\"wpforms-1252-field_11-container\" class=\"wpforms-field wpforms-field-checkbox wpforms-list-3-columns\" data-field-id=\"11\"><fieldset><legend class=\"wpforms-field-label\">Anm\u00e4ler till <span class=\"wpforms-required-label\" aria-hidden=\"true\">*<\/span><\/legend><ul id=\"wpforms-1252-field_11\" class=\"wpforms-field-required\" data-choice-limit=\"1\"><li class=\"choice-1 depth-1\"><input type=\"checkbox\" id=\"wpforms-1252-field_11_1\" data-rule-check-limit=\"true\" name=\"wpforms[fields][11][]\" value=\"Valpklass I, 4-6 m\u00e5nader\" aria-errormessage=\"wpforms-1252-field_11_1-error\" required ><label class=\"wpforms-field-label-inline\" for=\"wpforms-1252-field_11_1\">Valpklass I, 4-6 m\u00e5nader<\/label><\/li><li class=\"choice-2 depth-1\"><input type=\"checkbox\" id=\"wpforms-1252-field_11_2\" data-rule-check-limit=\"true\" name=\"wpforms[fields][11][]\" value=\"Valpklass II, 6-9 m\u00e5nader\" aria-errormessage=\"wpforms-1252-field_11_2-error\" required ><label class=\"wpforms-field-label-inline\" for=\"wpforms-1252-field_11_2\">Valpklass II, 6-9 m\u00e5nader<\/label><\/li><li class=\"choice-3 depth-1\"><input type=\"checkbox\" id=\"wpforms-1252-field_11_3\" data-rule-check-limit=\"true\" name=\"wpforms[fields][11][]\" value=\"Juniorklass, 9-18 m\u00e5nader\" aria-errormessage=\"wpforms-1252-field_11_3-error\" required ><label class=\"wpforms-field-label-inline\" for=\"wpforms-1252-field_11_3\">Juniorklass, 9-18 m\u00e5nader<\/label><\/li><li class=\"choice-4 depth-1\"><input type=\"checkbox\" id=\"wpforms-1252-field_11_4\" data-rule-check-limit=\"true\" name=\"wpforms[fields][11][]\" value=\"Unghundsklass, 15-24 m\u00e5nader\" aria-errormessage=\"wpforms-1252-field_11_4-error\" required ><label class=\"wpforms-field-label-inline\" for=\"wpforms-1252-field_11_4\">Unghundsklass, 15-24 m\u00e5nader<\/label><\/li><li class=\"choice-5 depth-1\"><input type=\"checkbox\" id=\"wpforms-1252-field_11_5\" data-rule-check-limit=\"true\" name=\"wpforms[fields][11][]\" value=\"\u00d6ppen klass &gt; 15 m\u00e5nader\" aria-errormessage=\"wpforms-1252-field_11_5-error\" required ><label class=\"wpforms-field-label-inline\" for=\"wpforms-1252-field_11_5\">\u00d6ppen klass &gt; 15 m\u00e5nader<\/label><\/li><li class=\"choice-6 depth-1\"><input type=\"checkbox\" id=\"wpforms-1252-field_11_6\" data-rule-check-limit=\"true\" name=\"wpforms[fields][11][]\" value=\"Jaktklass &gt; 15 m\u00e5nader\" aria-errormessage=\"wpforms-1252-field_11_6-error\" required ><label class=\"wpforms-field-label-inline\" for=\"wpforms-1252-field_11_6\">Jaktklass &gt; 15 m\u00e5nader<\/label><\/li><li class=\"choice-7 depth-1\"><input type=\"checkbox\" id=\"wpforms-1252-field_11_7\" data-rule-check-limit=\"true\" name=\"wpforms[fields][11][]\" value=\"Veteranklass &gt; 8 \u00e5r\" aria-errormessage=\"wpforms-1252-field_11_7-error\" required ><label class=\"wpforms-field-label-inline\" for=\"wpforms-1252-field_11_7\">Veteranklass &gt; 8 \u00e5r<\/label><\/li><li class=\"choice-10 depth-1\"><input type=\"checkbox\" id=\"wpforms-1252-field_11_10\" data-rule-check-limit=\"true\" name=\"wpforms[fields][11][]\" value=\"Championatklass\" aria-errormessage=\"wpforms-1252-field_11_10-error\" required ><label class=\"wpforms-field-label-inline\" for=\"wpforms-1252-field_11_10\">Championatklass<\/label><\/li><li class=\"choice-9 depth-1\"><input type=\"checkbox\" id=\"wpforms-1252-field_11_9\" data-rule-check-limit=\"true\" name=\"wpforms[fields][11][]\" value=\"Uppf\u00f6darklass\" aria-errormessage=\"wpforms-1252-field_11_9-error\" required ><label class=\"wpforms-field-label-inline\" for=\"wpforms-1252-field_11_9\">Uppf\u00f6darklass<\/label><\/li><li class=\"choice-8 depth-1\"><input type=\"checkbox\" id=\"wpforms-1252-field_11_8\" data-rule-check-limit=\"true\" name=\"wpforms[fields][11][]\" value=\"Avelsklass\" aria-errormessage=\"wpforms-1252-field_11_8-error\" required ><label class=\"wpforms-field-label-inline\" for=\"wpforms-1252-field_11_8\">Avelsklass<\/label><\/li><\/ul><\/fieldset><\/div><div id=\"wpforms-1252-field_12-container\" class=\"wpforms-field wpforms-field-name\" data-field-id=\"12\"><label class=\"wpforms-field-label\" for=\"wpforms-1252-field_12\">Ditt namn <span class=\"wpforms-required-label\" aria-hidden=\"true\">*<\/span><\/label><input type=\"text\" id=\"wpforms-1252-field_12\" class=\"wpforms-field-medium wpforms-field-required\" name=\"wpforms[fields][12]\" aria-errormessage=\"wpforms-1252-field_12-error\" required><\/div><div id=\"wpforms-1252-field_14-container\" class=\"wpforms-field wpforms-field-textarea\" data-field-id=\"14\"><label class=\"wpforms-field-label\" for=\"wpforms-1252-field_14\">Din adress <span class=\"wpforms-required-label\" aria-hidden=\"true\">*<\/span><\/label><textarea id=\"wpforms-1252-field_14\" class=\"wpforms-field-medium wpforms-field-required\" name=\"wpforms[fields][14]\" aria-errormessage=\"wpforms-1252-field_14-error\" required><\/textarea><\/div><div id=\"wpforms-1252-field_16-container\" class=\"wpforms-field wpforms-field-text\" data-field-id=\"16\"><label class=\"wpforms-field-label\" for=\"wpforms-1252-field_16\">Telefon <span class=\"wpforms-required-label\" aria-hidden=\"true\">*<\/span><\/label><input type=\"text\" id=\"wpforms-1252-field_16\" class=\"wpforms-field-medium wpforms-field-required\" name=\"wpforms[fields][16]\" aria-errormessage=\"wpforms-1252-field_16-error\" required><\/div><div id=\"wpforms-1252-field_17-container\" class=\"wpforms-field wpforms-field-email\" data-field-id=\"17\"><fieldset><legend class=\"wpforms-field-label\">E-post <span class=\"wpforms-required-label\" aria-hidden=\"true\">*<\/span><\/legend><div class=\"wpforms-field-row wpforms-field-medium\"><div class=\"wpforms-field-row-block wpforms-one-half wpforms-first\"><input type=\"email\" id=\"wpforms-1252-field_17\" class=\"wpforms-field-required wpforms-field-email-primary\" name=\"wpforms[fields][17][primary]\" spellcheck=\"false\" aria-errormessage=\"wpforms-1252-field_17-error\" required><label for=\"wpforms-1252-field_17\" class=\"wpforms-field-sublabel after\">E-post<\/label><\/div><div class=\"wpforms-field-row-block wpforms-one-half\"><input type=\"email\" id=\"wpforms-1252-field_17-secondary\" class=\"wpforms-field-email-secondary wpforms-field-required\" data-rule-confirm=\"#wpforms-1252-field_17\" name=\"wpforms[fields][17][secondary]\" spellcheck=\"false\" aria-errormessage=\"wpforms-1252-field_17-secondary-error\" required><label for=\"wpforms-1252-field_17-secondary\" class=\"wpforms-field-sublabel after\">Bekr\u00e4fta e-post<\/label><\/div><\/div><\/fieldset><\/div><div id=\"wpforms-1252-field_18-container\" class=\"wpforms-field wpforms-field-textarea\" data-field-id=\"18\"><label class=\"wpforms-field-label\" for=\"wpforms-1252-field_18\">\u00d6vriga upplysningar<\/label><textarea id=\"wpforms-1252-field_18\" class=\"wpforms-field-medium\" name=\"wpforms[fields][18]\" aria-errormessage=\"wpforms-1252-field_18-error\" ><\/textarea><\/div><script>\n\t\t\t\t( function() {\n\t\t\t\t\tconst style = document.createElement( 'style' );\n\t\t\t\t\tstyle.appendChild( document.createTextNode( '#wpforms-1252-field_1-container { position: absolute !important; overflow: hidden !important; display: inline !important; height: 1px !important; width: 1px !important; z-index: -1000 !important; padding: 0 !important; } #wpforms-1252-field_1-container input { visibility: hidden; } #wpforms-conversational-form-page #wpforms-1252-field_1-container label { counter-increment: none; }' ) );\n\t\t\t\t\tdocument.head.appendChild( style );\n\t\t\t\t\tdocument.currentScript?.remove();\n\t\t\t\t} )();\n\t\t\t<\/script><\/div><!-- .wpforms-field-container --><div class=\"wpforms-recaptcha-container wpforms-is-recaptcha wpforms-is-recaptcha-type-v2\" ><div class=\"g-recaptcha\" data-sitekey=\"6LeAr20pAAAAAPahaWiCtFCqzePZ-HMWpuXKbbyi\"><\/div><input type=\"text\" name=\"g-recaptcha-hidden\" class=\"wpforms-recaptcha-hidden\" style=\"position:absolute!important;clip:rect(0,0,0,0)!important;height:1px!important;width:1px!important;border:0!important;overflow:hidden!important;padding:0!important;margin:0!important;\" data-rule-recaptcha=\"1\"><\/div><div class=\"wpforms-submit-container\" ><input type=\"hidden\" name=\"wpforms[id]\" value=\"1252\"><input type=\"hidden\" name=\"page_title\" value=\"\"><input type=\"hidden\" name=\"page_url\" value=\"https:\/\/wp.svshk.org\/index.php?rest_route=\/wp\/v2\/pages\/1260\"><input type=\"hidden\" name=\"url_referer\" value=\"\"><button type=\"submit\" name=\"wpforms[submit]\" id=\"wpforms-submit-1252\" class=\"wpforms-submit\" data-alt-text=\"Skickar anm\u00e4lan \u2026\" data-submit-text=\"Skicka anm\u00e4lan\" aria-live=\"assertive\" value=\"wpforms-submit\">Skicka anm\u00e4lan<\/button><img loading=\"lazy\" decoding=\"async\" src=\"https:\/\/wp.svshk.org\/wp-content\/plugins\/wpforms-lite\/assets\/images\/submit-spin.svg\" class=\"wpforms-submit-spinner\" style=\"display: none;\" width=\"26\" height=\"26\" alt=\"Laddar\"><\/div><\/form><\/div>  <!-- .wpforms-container -->","protected":false},"excerpt":{"rendered":"<p>Fyll i nedanst\u00e5ende formul\u00e4r f\u00f6r att anm\u00e4la din hund till utst\u00e4llningen. En kopia av anm\u00e4lan skickas till din epost.<\/p>\n","protected":false},"author":1,"featured_media":0,"parent":0,"menu_order":0,"comment_status":"closed","ping_status":"closed","template":"","meta":{"_cbd_carousel_blocks":"[]","_monsterinsights_skip_tracking":false,"_monsterinsights_sitenote_active":false,"_monsterinsights_sitenote_note":"","_monsterinsights_sitenote_category":0,"site-sidebar-layout":"default","site-content-layout":"","ast-site-content-layout":"","site-content-style":"default","site-sidebar-style":"default","ast-global-header-display":"","ast-banner-title-visibility":"","ast-main-header-display":"","ast-hfb-above-header-display":"","ast-hfb-below-header-display":"","ast-hfb-mobile-header-display":"","site-post-title":"","ast-breadcrumbs-content":"","ast-featured-img":"","footer-sml-layout":"","ast-disable-related-posts":"","theme-transparent-header-meta":"","adv-header-id-meta":"","stick-header-meta":"","header-above-stick-meta":"","header-main-stick-meta":"","header-below-stick-meta":"","astra-migrate-meta-layouts":"default","ast-page-background-enabled":"default","ast-page-background-meta":{"desktop":{"background-color":"var(--ast-global-color-4)","background-image":"","background-repeat":"repeat","background-position":"center center","background-size":"auto","background-attachment":"scroll","background-type":"","background-media":"","overlay-type":"","overlay-color":"","overlay-opacity":"","overlay-gradient":""},"tablet":{"background-color":"","background-image":"","background-repeat":"repeat","background-position":"center center","background-size":"auto","background-attachment":"scroll","background-type":"","background-media":"","overlay-type":"","overlay-color":"","overlay-opacity":"","overlay-gradient":""},"mobile":{"background-color":"","background-image":"","background-repeat":"repeat","background-position":"center center","background-size":"auto","background-attachment":"scroll","background-type":"","background-media":"","overlay-type":"","overlay-color":"","overlay-opacity":"","overlay-gradient":""}},"ast-content-background-meta":{"desktop":{"background-color":"var(--ast-global-color-5)","background-image":"","background-repeat":"repeat","background-position":"center center","background-size":"auto","background-attachment":"scroll","background-type":"","background-media":"","overlay-type":"","overlay-color":"","overlay-opacity":"","overlay-gradient":""},"tablet":{"background-color":"var(--ast-global-color-5)","background-image":"","background-repeat":"repeat","background-position":"center center","background-size":"auto","background-attachment":"scroll","background-type":"","background-media":"","overlay-type":"","overlay-color":"","overlay-opacity":"","overlay-gradient":""},"mobile":{"background-color":"var(--ast-global-color-5)","background-image":"","background-repeat":"repeat","background-position":"center center","background-size":"auto","background-attachment":"scroll","background-type":"","background-media":"","overlay-type":"","overlay-color":"","overlay-opacity":"","overlay-gradient":""}},"footnotes":""},"class_list":["post-1260","page","type-page","status-publish","hentry"],"_links":{"self":[{"href":"https:\/\/wp.svshk.org\/index.php?rest_route=\/wp\/v2\/pages\/1260","targetHints":{"allow":["GET"]}}],"collection":[{"href":"https:\/\/wp.svshk.org\/index.php?rest_route=\/wp\/v2\/pages"}],"about":[{"href":"https:\/\/wp.svshk.org\/index.php?rest_route=\/wp\/v2\/types\/page"}],"author":[{"embeddable":true,"href":"https:\/\/wp.svshk.org\/index.php?rest_route=\/wp\/v2\/users\/1"}],"replies":[{"embeddable":true,"href":"https:\/\/wp.svshk.org\/index.php?rest_route=%2Fwp%2Fv2%2Fcomments&post=1260"}],"version-history":[{"count":4,"href":"https:\/\/wp.svshk.org\/index.php?rest_route=\/wp\/v2\/pages\/1260\/revisions"}],"predecessor-version":[{"id":1578,"href":"https:\/\/wp.svshk.org\/index.php?rest_route=\/wp\/v2\/pages\/1260\/revisions\/1578"}],"wp:attachment":[{"href":"https:\/\/wp.svshk.org\/index.php?rest_route=%2Fwp%2Fv2%2Fmedia&parent=1260"}],"curies":[{"name":"wp","href":"https:\/\/api.w.org\/{rel}","templated":true}]}}