{"id":170,"date":"2024-02-02T16:34:53","date_gmt":"2024-02-02T15:34:53","guid":{"rendered":"https:\/\/wp.svshk.org\/?page_id=170"},"modified":"2024-02-05T11:30:20","modified_gmt":"2024-02-05T10:30:20","slug":"nyhetsarkiv","status":"publish","type":"page","link":"https:\/\/wp.svshk.org\/?page_id=170","title":{"rendered":"Nyhetsarkiv"},"content":{"rendered":"\t\t<div class=\"pld-archive-list pld-design-1 pld-clearfix\">\r\n\t\t\t<div class=\"pld-archive-title\">2026<\/div><ul class=\"pld-minimal-list-inr\"><li class=\"pld-list\">\r\n\t\r\n\t<div class=\"pld-list-title\">\r\n\t\t<a href=\"https:\/\/wp.svshk.org\/?p=1651\">Omplacering av HS Tik<\/a>\r\n\t<\/div>\r\n\r\n\t\t\t<div class=\"pld-post-meta\">\r\n\t\t\t\t\t\t\t<span>By SvSHK Admin<\/span>\r\n\t\t\t<span>2026-04-22<\/span>\t\t<\/div>\r\n\t\t<div class=\"pld-post-content\">\r\n\t\t<div class=\"pld-post-content-inner\">\r\n\t\t\tOmplacering \u00f6nskas av Hannoverensk Viltsp\u00e5rhund SE34779\/2022 Ahlb\u00e4cks Astrid\u00a0 Kontakta Karin Ahlb\u00e4ck tfn: 0730-616571 f\u00f6r mer info.\t\t<\/div>\r\n\t<\/div>\r\n\t<\/li><li class=\"pld-list\">\r\n\t\r\n\t<div class=\"pld-list-title\">\r\n\t\t<a href=\"https:\/\/wp.svshk.org\/?p=1523\">Inbjudan \u00c5rsm\u00f6teshelg 2026<\/a>\r\n\t<\/div>\r\n\r\n\t\t\t<div class=\"pld-post-meta\">\r\n\t\t\t\t\t\t\t<span>By SvSHK Admin<\/span>\r\n\t\t\t<span>2026-04-22<\/span>\t\t<\/div>\r\n\t\t<div class=\"pld-post-content\">\r\n\t\t<div class=\"pld-post-content-inner\">\r\n\t\t\tDet \u00e4r med stor gl\u00e4dje vi vill bjuda in er till \u00e5rsm\u00f6teshelg i Arboga 24-26 april. Vi kommer detta \u00e5r...\t\t<\/div>\r\n\t<\/div>\r\n\t<\/li><li class=\"pld-list\">\r\n\t\r\n\t<div class=\"pld-list-title\">\r\n\t\t<a href=\"https:\/\/wp.svshk.org\/?p=1616\">Svenska Schweisshundklubben x Bered<\/a>\r\n\t<\/div>\r\n\r\n\t\t\t<div class=\"pld-post-meta\">\r\n\t\t\t\t\t\t\t<span>By SvSHK Admin<\/span>\r\n\t\t\t<span>2026-04-10<\/span>\t\t<\/div>\r\n\t\t<div class=\"pld-post-content\">\r\n\t\t<div class=\"pld-post-content-inner\">\r\n\t\t\tSvenska Schweisshundklubben x bered F\u00f6rsta hj\u00e4lpen f\u00f6r hundar i arbete \u2013 n\u00e5got vi alltid b\u00f6r vara redo f\u00f6r F\u00f6r oss...\t\t<\/div>\r\n\t<\/div>\r\n\t<\/li><li class=\"pld-list\">\r\n\t\r\n\t<div class=\"pld-list-title\">\r\n\t\t<a href=\"https:\/\/wp.svshk.org\/?p=1569\">Inbjudan till SvSHK specialutst\u00e4llning 2026<\/a>\r\n\t<\/div>\r\n\r\n\t\t\t<div class=\"pld-post-meta\">\r\n\t\t\t\t\t\t\t<span>By SvSHK Admin<\/span>\r\n\t\t\t<span>2026-03-06<\/span>\t\t<\/div>\r\n\t\t<div class=\"pld-post-content\">\r\n\t\t<div class=\"pld-post-content-inner\">\r\n\t\t\tS\u00f6ndag 26 april 2026 Plats:Herrfallets camping i ArbogaDomare:Antonio Di Lorenzo, Italien\/NorgeVeterin\u00e4rbesiktning:Fr\u00e5n klockan 08.00Utst\u00e4llningen:B\u00f6rjar klockan 09.00Anm\u00e4lningsavgifter:Valp och veteranklass&nbsp;\u00d6vriga klasser150 kr400 kr...\t\t<\/div>\r\n\t<\/div>\r\n\t<\/li><li class=\"pld-list\">\r\n\t\r\n\t<div class=\"pld-list-title\">\r\n\t\t<a href=\"https:\/\/wp.svshk.org\/?p=1588\">Inbjudan till KM och landskampsuttagning 2026<\/a>\r\n\t<\/div>\r\n\r\n\t\t\t<div class=\"pld-post-meta\">\r\n\t\t\t\t\t\t\t<span>By SvSHK Admin<\/span>\r\n\t\t\t<span>2026-03-05<\/span>\t\t<\/div>\r\n\t\t<div class=\"pld-post-content\">\r\n\t\t<div class=\"pld-post-content-inner\">\r\n\t\t\tInbjudan till KM och landskampsuttagning 2026 V\u00e4lkommen att anm\u00e4la dig till klubbm\u00e4sterskap f\u00f6r Svenska Schweisshundklubben 2026 som arrangeras fredag 24...\t\t<\/div>\r\n\t<\/div>\r\n\t<\/li><li class=\"pld-list\">\r\n\t\r\n\t<div class=\"pld-list-title\">\r\n\t\t<a href=\"https:\/\/wp.svshk.org\/?p=726\">Har vi r\u00e4tt e-postadress till dig ?<\/a>\r\n\t<\/div>\r\n\r\n\t\t\t<div class=\"pld-post-meta\">\r\n\t\t\t\t\t\t\t<span>By SvSHK Admin<\/span>\r\n\t\t\t<span>2026-02-01<\/span>\t\t<\/div>\r\n\t\t<div class=\"pld-post-content\">\r\n\t\t<div class=\"pld-post-content-inner\">\r\n\t\t\tEftersom nyhetsbrev, kallelser till \u00e5rsm\u00f6te m.m. numera g\u00f6rs via epost till medlemmarna \u00e4r det viktigt att vi har r\u00e4tt e-postadress...\t\t<\/div>\r\n\t<\/div>\r\n\t<\/li><\/ul><div class=\"pld-archive-title\">2025<\/div><ul class=\"pld-minimal-list-inr\"><li class=\"pld-list\">\r\n\t\r\n\t<div class=\"pld-list-title\">\r\n\t\t<a href=\"https:\/\/wp.svshk.org\/?p=1465\">Protokoll fr\u00e5n \u00e5rsm\u00f6tet 2025<\/a>\r\n\t<\/div>\r\n\r\n\t\t\t<div class=\"pld-post-meta\">\r\n\t\t\t\t\t\t\t<span>By SvSHK Admin<\/span>\r\n\t\t\t<span>2025-07-03<\/span>\t\t<\/div>\r\n\t\t<div class=\"pld-post-content\">\r\n\t\t<div class=\"pld-post-content-inner\">\r\n\t\t\tNu finns protokollet fr\u00e5n \u00e5rsm\u00f6tet 2025 h\u00e4r.\t\t<\/div>\r\n\t<\/div>\r\n\t<\/li><li class=\"pld-list\">\r\n\t\r\n\t<div class=\"pld-list-title\">\r\n\t\t<a href=\"https:\/\/wp.svshk.org\/?p=1447\">Tack till alla som st\u00e4llde upp p\u00e5 Elmia<\/a>\r\n\t<\/div>\r\n\r\n\t\t\t<div class=\"pld-post-meta\">\r\n\t\t\t\t\t\t\t<span>By SvSHK Admin<\/span>\r\n\t\t\t<span>2025-06-12<\/span>\t\t<\/div>\r\n\t\t<div class=\"pld-post-content\">\r\n\t\t<div class=\"pld-post-content-inner\">\r\n\t\t\tTack till alla som st\u00e4llde upp och jobbade p\u00e5 tipspromenadenoch var i montern p\u00e5 Elmia S\u00e4rskilt tack tillTomas Harrysson som...\t\t<\/div>\r\n\t<\/div>\r\n\t<\/li><li class=\"pld-list\">\r\n\t\r\n\t<div class=\"pld-list-title\">\r\n\t\t<a href=\"https:\/\/wp.svshk.org\/?p=1368\">PM f\u00f6r utst\u00e4llningen i Herrfallet 2025-04-27<\/a>\r\n\t<\/div>\r\n\r\n\t\t\t<div class=\"pld-post-meta\">\r\n\t\t\t\t\t\t\t<span>By SvSHK Admin<\/span>\r\n\t\t\t<span>2025-04-22<\/span>\t\t<\/div>\r\n\t\t<div class=\"pld-post-content\">\r\n\t\t<div class=\"pld-post-content-inner\">\r\n\t\t\tF\u00f6r utst\u00e4llningen i Herrfallet finns nu ett PM med information h\u00e4r.\t\t<\/div>\r\n\t<\/div>\r\n\t<\/li><li class=\"pld-list\">\r\n\t\r\n\t<div class=\"pld-list-title\">\r\n\t\t<a href=\"https:\/\/wp.svshk.org\/?p=1305\">Inbjudan \u00c5rsm\u00f6teshelg 2025<\/a>\r\n\t<\/div>\r\n\r\n\t\t\t<div class=\"pld-post-meta\">\r\n\t\t\t\t\t\t\t<span>By SvSHK Admin<\/span>\r\n\t\t\t<span>2025-03-14<\/span>\t\t<\/div>\r\n\t\t<div class=\"pld-post-content\">\r\n\t\t<div class=\"pld-post-content-inner\">\r\n\t\t\tInbjudan \u00c5rsm\u00f6teshelg 2025 Det \u00e4r med stor gl\u00e4dje vi vill bjuda in er till \u00e5rsm\u00f6teshelg i Arboga 25-27 april. Vi...\t\t<\/div>\r\n\t<\/div>\r\n\t<\/li><li class=\"pld-list\">\r\n\t\r\n\t<div class=\"pld-list-title\">\r\n\t\t<a href=\"https:\/\/wp.svshk.org\/?p=1310\">Inbjudan till KM och landskampsuttagning 2025<\/a>\r\n\t<\/div>\r\n\r\n\t\t\t<div class=\"pld-post-meta\">\r\n\t\t\t\t\t\t\t<span>By SvSHK Admin<\/span>\r\n\t\t\t<span>2025-03-14<\/span>\t\t<\/div>\r\n\t\t<div class=\"pld-post-content\">\r\n\t\t<div class=\"pld-post-content-inner\">\r\n\t\t\tInbjudan till KM och landskampsuttagning 2025 V\u00e4lkommen att anm\u00e4la dig till klubbm\u00e4sterskap f\u00f6r Svenska Schweisshundklubben 2025 som arrangeras fredag 25...\t\t<\/div>\r\n\t<\/div>\r\n\t<\/li><li class=\"pld-list\">\r\n\t\r\n\t<div class=\"pld-list-title\">\r\n\t\t<a href=\"https:\/\/wp.svshk.org\/?p=1246\">Inbjudan till SvSHK specialutst\u00e4llning 2025<\/a>\r\n\t<\/div>\r\n\r\n\t\t\t<div class=\"pld-post-meta\">\r\n\t\t\t\t\t\t\t<span>By SvSHK Admin<\/span>\r\n\t\t\t<span>2025-02-11<\/span>\t\t<\/div>\r\n\t\t<div class=\"pld-post-content\">\r\n\t\t<div class=\"pld-post-content-inner\">\r\n\t\t\tAnm\u00e4lningstiden har g\u00e5tt ut och det g\u00e5r inte l\u00e4ngre att anm\u00e4la sig till utst\u00e4llningen. S\u00f6ndag 27 april 2025 Plats:Herrfallets camping...\t\t<\/div>\r\n\t<\/div>\r\n\t<\/li><\/ul><div class=\"pld-archive-title\">2024<\/div><ul class=\"pld-minimal-list-inr\"><li class=\"pld-list\">\r\n\t\r\n\t<div class=\"pld-list-title\">\r\n\t\t<a href=\"https:\/\/wp.svshk.org\/?p=1205\">K\u00f6p Schweisshundklubbens keps<\/a>\r\n\t<\/div>\r\n\r\n\t\t\t<div class=\"pld-post-meta\">\r\n\t\t\t\t\t\t\t<span>By SvSHK Admin<\/span>\r\n\t\t\t<span>2024-12-01<\/span>\t\t<\/div>\r\n\t\t<div class=\"pld-post-content\">\r\n\t\t<div class=\"pld-post-content-inner\">\r\n\t\t\tK\u00f6p Schweisshundklubbens keps Nu kan du k\u00f6pa v\u00e5r nya keps!Priset \u00e4r 250:- + frakt.G\u00e5 till best\u00e4llningssidan f\u00f6r att best\u00e4lla din...\t\t<\/div>\r\n\t<\/div>\r\n\t<\/li><li class=\"pld-list\">\r\n\t\r\n\t<div class=\"pld-list-title\">\r\n\t\t<a href=\"https:\/\/wp.svshk.org\/?p=1079\">In Memoriam Anders Nilsson<\/a>\r\n\t<\/div>\r\n\r\n\t\t\t<div class=\"pld-post-meta\">\r\n\t\t\t\t\t\t\t<span>By SvSHK Admin<\/span>\r\n\t\t\t<span>2024-08-22<\/span>\t\t<\/div>\r\n\t\t<div class=\"pld-post-content\">\r\n\t\t<div class=\"pld-post-content-inner\">\r\n\t\t\tV\u00e5r klubbmedlem Anders Nilsson, Lax\u00e5 avled hastigt den 26 april, d\u00e5 han just avslutat ett efters\u00f6k tillsammans med tv\u00e5 andra...\t\t<\/div>\r\n\t<\/div>\r\n\t<\/li><li class=\"pld-list\">\r\n\t\r\n\t<div class=\"pld-list-title\">\r\n\t\t<a href=\"https:\/\/wp.svshk.org\/?p=1072\">Sverige vann landskampen mot Norge<\/a>\r\n\t<\/div>\r\n\r\n\t\t\t<div class=\"pld-post-meta\">\r\n\t\t\t\t\t\t\t<span>By SvSHK Admin<\/span>\r\n\t\t\t<span>2024-08-04<\/span>\t\t<\/div>\r\n\t\t<div class=\"pld-post-content\">\r\n\t\t<div class=\"pld-post-content-inner\">\r\n\t\t\tSverige vann landskampen med 111 mot 103 po\u00e4ng. F\u00f6rh\u00e5llandena var sv\u00e5ra med mycket st\u00f6rningar och v\u00e4rme d\u00e4r endast tv\u00e5 hundar...\t\t<\/div>\r\n\t<\/div>\r\n\t<\/li><li class=\"pld-list\">\r\n\t\r\n\t<div class=\"pld-list-title\">\r\n\t\t<a href=\"https:\/\/wp.svshk.org\/?p=1012\">\u00c5rsm\u00f6tesprotokoll<\/a>\r\n\t<\/div>\r\n\r\n\t\t\t<div class=\"pld-post-meta\">\r\n\t\t\t\t\t\t\t<span>By SvSHK Admin<\/span>\r\n\t\t\t<span>2024-05-31<\/span>\t\t<\/div>\r\n\t\t<div class=\"pld-post-content\">\r\n\t\t<div class=\"pld-post-content-inner\">\r\n\t\t\tNu finns protokollet fr\u00e5n \u00e5rsm\u00f6tet i Herrfallet 2024-04-21 upplagt p\u00e5 sidan f\u00f6r \u00c5rsm\u00f6tet 2024\t\t<\/div>\r\n\t<\/div>\r\n\t<\/li><li class=\"pld-list\">\r\n\t\r\n\t<div class=\"pld-list-title\">\r\n\t\t<a href=\"https:\/\/wp.svshk.org\/?p=914\">Resultat KM och landslagsuttagning<\/a>\r\n\t<\/div>\r\n\r\n\t\t\t<div class=\"pld-post-meta\">\r\n\t\t\t\t\t\t\t<span>By SvSHK Admin<\/span>\r\n\t\t\t<span>2024-04-20<\/span>\t\t<\/div>\r\n\t\t<div class=\"pld-post-content\">\r\n\t\t<div class=\"pld-post-content-inner\">\r\n\t\t\tResultat KM och landslagsuttagning PlacNamn f\u00f6rareHundReg.nrRasPo\u00e4ngPris1Henrik Herl\u00f8v HansenRaya vom WaidmannlustPKR.VI-28155BGS1351p2Fredrik L\u00f6fbergHarbackens KiaSE31930\/2020BGS1351p3Lina B\u00f6rjessonKrypins DagnySE50703\/2018BGS1311p4Patrik NilssonBobboSE35863\/2021HS1171p5Joakim JohanssonKrypins CecarSE49543\/2017BGS1101p6Evelina BecicI am Bennet...\t\t<\/div>\r\n\t<\/div>\r\n\t<\/li><li class=\"pld-list\">\r\n\t\r\n\t<div class=\"pld-list-title\">\r\n\t\t<a href=\"https:\/\/wp.svshk.org\/?p=886\">Vinnarna i \u00e5rets utst\u00e4llning i Herrfallet<\/a>\r\n\t<\/div>\r\n\r\n\t\t\t<div class=\"pld-post-meta\">\r\n\t\t\t\t\t\t\t<span>By SvSHK Admin<\/span>\r\n\t\t\t<span>2024-04-20<\/span>\t\t<\/div>\r\n\t\t<div class=\"pld-post-content\">\r\n\t\t<div class=\"pld-post-content-inner\">\r\n\t\t\tDet blev Hannoveranska Viltsp\u00e5rhunden Greta (\u00e4gare Anneli Landgren, Fr\u00f6s\u00f6n) som blev BIS i \u00e5rets utst\u00e4llning i Herrfallet. BIS2 blev Bayerska...\t\t<\/div>\r\n\t<\/div>\r\n\t<\/li><li class=\"pld-list\">\r\n\t\r\n\t<div class=\"pld-list-title\">\r\n\t\t<a href=\"https:\/\/wp.svshk.org\/?p=876\">Tips: SKK Webbinarium<\/a>\r\n\t<\/div>\r\n\r\n\t\t\t<div class=\"pld-post-meta\">\r\n\t\t\t\t\t\t\t<span>By SvSHK Admin<\/span>\r\n\t\t\t<span>2024-04-17<\/span>\t\t<\/div>\r\n\t\t<div class=\"pld-post-content\">\r\n\t\t<div class=\"pld-post-content-inner\">\r\n\t\t\tSKK s\u00e4nder sp\u00e4nnande och matnyttiga f\u00f6rel\u00e4sningar som f\u00f6ljs av en fr\u00e5gestund d\u00e4r du som tittar kan st\u00e4lla fr\u00e5gor och f\u00e5...\t\t<\/div>\r\n\t<\/div>\r\n\t<\/li><li class=\"pld-list\">\r\n\t\r\n\t<div class=\"pld-list-title\">\r\n\t\t<a href=\"https:\/\/wp.svshk.org\/?p=852\">Inbjudan \u00c5rsm\u00f6teshelg 2024<\/a>\r\n\t<\/div>\r\n\r\n\t\t\t<div class=\"pld-post-meta\">\r\n\t\t\t\t\t\t\t<span>By SvSHK Admin<\/span>\r\n\t\t\t<span>2024-04-01<\/span>\t\t<\/div>\r\n\t\t<div class=\"pld-post-content\">\r\n\t\t<div class=\"pld-post-content-inner\">\r\n\t\t\tInbjudan \u00c5rsm\u00f6teshelg 2024 \u00c5rsm\u00f6te S\u00f6ndag 21\/4 klockan 11.00Plats:&nbsp;Herrfallets camping, Arboga\u00c5rsm\u00f6teslokal: R\u00f6da ladan (utanf\u00f6r bommen, d\u00e4r vi varit innan covid-uppeh\u00e5lletHerrfallet vill...\t\t<\/div>\r\n\t<\/div>\r\n\t<\/li><\/ul>\r\n\t\t\t\t\t<div class=\"pld-pagination pld-clearfix\">\r\n\t\t\t\t<span aria-current=\"page\" class=\"page-numbers current\">1<\/span>\n<a class=\"page-numbers\" href=\"https:\/\/wp.svshk.org\/index.php?rest_route=%2Fwp%2Fv2%2Fpages%2F170&#038;paged=2\">2<\/a>\n<a class=\"next page-numbers\" href=\"https:\/\/wp.svshk.org\/index.php?rest_route=%2Fwp%2Fv2%2Fpages%2F170&#038;paged=2\">Next &raquo;<\/a>\t\t\t<\/div>\r\n\t\t\t\t<\/div>\r\n\t\n","protected":false},"excerpt":{"rendered":"","protected":false},"author":1,"featured_media":0,"parent":0,"menu_order":0,"comment_status":"closed","ping_status":"closed","template":"","meta":{"_cbd_carousel_blocks":"[]","_monsterinsights_skip_tracking":false,"_monsterinsights_sitenote_active":false,"_monsterinsights_sitenote_note":"","_monsterinsights_sitenote_category":0,"site-sidebar-layout":"default","site-content-layout":"","ast-site-content-layout":"default","site-content-style":"default","site-sidebar-style":"default","ast-global-header-display":"","ast-banner-title-visibility":"","ast-main-header-display":"","ast-hfb-above-header-display":"","ast-hfb-below-header-display":"","ast-hfb-mobile-header-display":"","site-post-title":"","ast-breadcrumbs-content":"","ast-featured-img":"","footer-sml-layout":"","ast-disable-related-posts":"","theme-transparent-header-meta":"","adv-header-id-meta":"","stick-header-meta":"","header-above-stick-meta":"","header-main-stick-meta":"","header-below-stick-meta":"","astra-migrate-meta-layouts":"default","ast-page-background-enabled":"default","ast-page-background-meta":{"desktop":{"background-color":"var(--ast-global-color-4)","background-image":"","background-repeat":"repeat","background-position":"center center","background-size":"auto","background-attachment":"scroll","background-type":"","background-media":"","overlay-type":"","overlay-color":"","overlay-opacity":"","overlay-gradient":""},"tablet":{"background-color":"","background-image":"","background-repeat":"repeat","background-position":"center center","background-size":"auto","background-attachment":"scroll","background-type":"","background-media":"","overlay-type":"","overlay-color":"","overlay-opacity":"","overlay-gradient":""},"mobile":{"background-color":"","background-image":"","background-repeat":"repeat","background-position":"center center","background-size":"auto","background-attachment":"scroll","background-type":"","background-media":"","overlay-type":"","overlay-color":"","overlay-opacity":"","overlay-gradient":""}},"ast-content-background-meta":{"desktop":{"background-color":"var(--ast-global-color-5)","background-image":"","background-repeat":"repeat","background-position":"center center","background-size":"auto","background-attachment":"scroll","background-type":"","background-media":"","overlay-type":"","overlay-color":"","overlay-opacity":"","overlay-gradient":""},"tablet":{"background-color":"var(--ast-global-color-5)","background-image":"","background-repeat":"repeat","background-position":"center center","background-size":"auto","background-attachment":"scroll","background-type":"","background-media":"","overlay-type":"","overlay-color":"","overlay-opacity":"","overlay-gradient":""},"mobile":{"background-color":"var(--ast-global-color-5)","background-image":"","background-repeat":"repeat","background-position":"center center","background-size":"auto","background-attachment":"scroll","background-type":"","background-media":"","overlay-type":"","overlay-color":"","overlay-opacity":"","overlay-gradient":""}},"footnotes":""},"class_list":["post-170","page","type-page","status-publish","hentry"],"_links":{"self":[{"href":"https:\/\/wp.svshk.org\/index.php?rest_route=\/wp\/v2\/pages\/170","targetHints":{"allow":["GET"]}}],"collection":[{"href":"https:\/\/wp.svshk.org\/index.php?rest_route=\/wp\/v2\/pages"}],"about":[{"href":"https:\/\/wp.svshk.org\/index.php?rest_route=\/wp\/v2\/types\/page"}],"author":[{"embeddable":true,"href":"https:\/\/wp.svshk.org\/index.php?rest_route=\/wp\/v2\/users\/1"}],"replies":[{"embeddable":true,"href":"https:\/\/wp.svshk.org\/index.php?rest_route=%2Fwp%2Fv2%2Fcomments&post=170"}],"version-history":[{"count":5,"href":"https:\/\/wp.svshk.org\/index.php?rest_route=\/wp\/v2\/pages\/170\/revisions"}],"predecessor-version":[{"id":413,"href":"https:\/\/wp.svshk.org\/index.php?rest_route=\/wp\/v2\/pages\/170\/revisions\/413"}],"wp:attachment":[{"href":"https:\/\/wp.svshk.org\/index.php?rest_route=%2Fwp%2Fv2%2Fmedia&parent=170"}],"curies":[{"name":"wp","href":"https:\/\/api.w.org\/{rel}","templated":true}]}}