{"id":224,"date":"2024-02-03T18:12:25","date_gmt":"2024-02-03T17:12:25","guid":{"rendered":"https:\/\/wp.svshk.org\/?page_id=224"},"modified":"2024-07-18T17:50:53","modified_gmt":"2024-07-18T15:50:53","slug":"valpar-till-salu","status":"publish","type":"page","link":"https:\/\/wp.svshk.org\/?page_id=224","title":{"rendered":"Valpar till salu"},"content":{"rendered":"\n<h1 class=\"wp-block-heading has-text-align-center\">Valpar till salu<\/h1>\n\n\n\n<figure class=\"wp-block-image aligncenter size-full is-resized\"><img loading=\"lazy\" decoding=\"async\" width=\"720\" height=\"408\" src=\"http:\/\/wp.svshk.org\/wp-content\/uploads\/2024\/02\/valparkim.jpg\" alt=\"\" class=\"wp-image-49\" style=\"width:494px;height:auto\" srcset=\"https:\/\/wp.svshk.org\/wp-content\/uploads\/2024\/02\/valparkim.jpg 720w, https:\/\/wp.svshk.org\/wp-content\/uploads\/2024\/02\/valparkim-300x170.jpg 300w\" sizes=\"auto, (max-width: 720px) 100vw, 720px\" \/><\/figure>\n\n\n\n<h4 class=\"wp-block-heading has-text-align-center\"><strong>P\u00e5 denna sida publicerar vi annonser f\u00f6r valpar som \u00e4r till salu. S\u00e5 snart valpen\/valparna \u00e4r s\u00e5lda tas annonsen bort.<\/strong><\/h4>\n\n\n\n<hr class=\"wp-block-separator alignfull has-alpha-channel-opacity is-style-wide\"\/>\n\n\n\n<h2 class=\"wp-block-heading has-text-align-center\">Inga valpar till salu just nu<\/h2>\n\n\n\n<p class=\"has-medium-font-size\"><\/p>\n\n\n\n<p class=\"has-medium-font-size\"><br><\/p>\n\n\n\n<p><\/p>\n","protected":false},"excerpt":{"rendered":"<p>Valpar till salu P\u00e5 denna sida publicerar vi annonser f\u00f6r valpar som \u00e4r till salu. S\u00e5 snart valpen\/valparna \u00e4r s\u00e5lda tas annonsen bort. Inga valpar till salu just nu<\/p>\n","protected":false},"author":1,"featured_media":0,"parent":0,"menu_order":0,"comment_status":"closed","ping_status":"closed","template":"","meta":{"_cbd_carousel_blocks":"[]","_monsterinsights_skip_tracking":false,"_monsterinsights_sitenote_active":false,"_monsterinsights_sitenote_note":"","_monsterinsights_sitenote_category":0,"site-sidebar-layout":"default","site-content-layout":"","ast-site-content-layout":"default","site-content-style":"default","site-sidebar-style":"default","ast-global-header-display":"","ast-banner-title-visibility":"","ast-main-header-display":"","ast-hfb-above-header-display":"","ast-hfb-below-header-display":"","ast-hfb-mobile-header-display":"","site-post-title":"disabled","ast-breadcrumbs-content":"","ast-featured-img":"","footer-sml-layout":"","ast-disable-related-posts":"","theme-transparent-header-meta":"","adv-header-id-meta":"","stick-header-meta":"","header-above-stick-meta":"","header-main-stick-meta":"","header-below-stick-meta":"","astra-migrate-meta-layouts":"default","ast-page-background-enabled":"default","ast-page-background-meta":{"desktop":{"background-color":"var(--ast-global-color-4)","background-image":"","background-repeat":"repeat","background-position":"center center","background-size":"auto","background-attachment":"scroll","background-type":"","background-media":"","overlay-type":"","overlay-color":"","overlay-opacity":"","overlay-gradient":""},"tablet":{"background-color":"","background-image":"","background-repeat":"repeat","background-position":"center center","background-size":"auto","background-attachment":"scroll","background-type":"","background-media":"","overlay-type":"","overlay-color":"","overlay-opacity":"","overlay-gradient":""},"mobile":{"background-color":"","background-image":"","background-repeat":"repeat","background-position":"center center","background-size":"auto","background-attachment":"scroll","background-type":"","background-media":"","overlay-type":"","overlay-color":"","overlay-opacity":"","overlay-gradient":""}},"ast-content-background-meta":{"desktop":{"background-color":"var(--ast-global-color-5)","background-image":"","background-repeat":"repeat","background-position":"center center","background-size":"auto","background-attachment":"scroll","background-type":"","background-media":"","overlay-type":"","overlay-color":"","overlay-opacity":"","overlay-gradient":""},"tablet":{"background-color":"var(--ast-global-color-5)","background-image":"","background-repeat":"repeat","background-position":"center center","background-size":"auto","background-attachment":"scroll","background-type":"","background-media":"","overlay-type":"","overlay-color":"","overlay-opacity":"","overlay-gradient":""},"mobile":{"background-color":"var(--ast-global-color-5)","background-image":"","background-repeat":"repeat","background-position":"center center","background-size":"auto","background-attachment":"scroll","background-type":"","background-media":"","overlay-type":"","overlay-color":"","overlay-opacity":"","overlay-gradient":""}},"footnotes":""},"class_list":["post-224","page","type-page","status-publish","hentry"],"_links":{"self":[{"href":"https:\/\/wp.svshk.org\/index.php?rest_route=\/wp\/v2\/pages\/224","targetHints":{"allow":["GET"]}}],"collection":[{"href":"https:\/\/wp.svshk.org\/index.php?rest_route=\/wp\/v2\/pages"}],"about":[{"href":"https:\/\/wp.svshk.org\/index.php?rest_route=\/wp\/v2\/types\/page"}],"author":[{"embeddable":true,"href":"https:\/\/wp.svshk.org\/index.php?rest_route=\/wp\/v2\/users\/1"}],"replies":[{"embeddable":true,"href":"https:\/\/wp.svshk.org\/index.php?rest_route=%2Fwp%2Fv2%2Fcomments&post=224"}],"version-history":[{"count":5,"href":"https:\/\/wp.svshk.org\/index.php?rest_route=\/wp\/v2\/pages\/224\/revisions"}],"predecessor-version":[{"id":1068,"href":"https:\/\/wp.svshk.org\/index.php?rest_route=\/wp\/v2\/pages\/224\/revisions\/1068"}],"wp:attachment":[{"href":"https:\/\/wp.svshk.org\/index.php?rest_route=%2Fwp%2Fv2%2Fmedia&parent=224"}],"curies":[{"name":"wp","href":"https:\/\/api.w.org\/{rel}","templated":true}]}}