{"id":88,"date":"2024-02-01T22:05:31","date_gmt":"2024-02-01T21:05:31","guid":{"rendered":"https:\/\/wp.svshk.org\/?page_id=88"},"modified":"2026-04-13T15:31:14","modified_gmt":"2026-04-13T13:31:14","slug":"domare-som-domer-oppen-och-anlagsklass-for-svshk","status":"publish","type":"page","link":"https:\/\/wp.svshk.org\/?page_id=88","title":{"rendered":"Domare som d\u00f6mer \u00d6ppen och Anlagsklass f\u00f6r SvSHK"},"content":{"rendered":"\n<p><em>Uppdaterad 2026-04-13<\/em><\/p>\n\n\n\n<figure class=\"wp-block-table\"><table><tbody><tr><td> <strong style=\"font-size: revert; font-family: inherit;\">Namn<\/strong><\/td><td> <strong style=\"font-size: revert; font-family: inherit;\">Postnr<\/strong><\/td><td> <strong style=\"font-size: revert; font-family: inherit;\">Ort<\/strong><\/td><td> <strong style=\"font-size: revert; font-family: inherit;\">Mobil<\/strong><\/td><td><strong>Epost<\/strong><\/td><\/tr><tr><td> <span style=\"font-size: revert; font-family: inherit; font-weight: inherit;\">ANDERSSON PETER<\/span><\/td><td> <span style=\"font-size: revert; font-family: inherit; font-weight: inherit;\">26371<\/span><\/td><td> <span style=\"font-size: revert; font-family: inherit; font-weight: inherit;\">JONSTORP<\/span><\/td><td> <span style=\"font-size: revert; font-family: inherit; font-weight: inherit;\">070-2007542<\/span><\/td><td><a href=\"mailto:andersson@holmen.com\">andersson@holmen.com<\/a><\/td><\/tr><tr><td>BENGTSSON BJ\u00d6RN<\/td><td>26777<\/td><td>EKEBY<\/td><td>070-6723052<\/td><td><a href=\"mailto:eftersok@telia.com\">eftersok@telia.com<\/a><\/td><\/tr><tr><td> <span style=\"font-size: revert; font-family: inherit; font-weight: inherit;\">BERNTSSON LEIF<\/span><\/td><td> <span style=\"font-size: revert; font-family: inherit; font-weight: inherit;\">45193<\/span><\/td><td> <span style=\"font-size: revert; font-family: inherit; font-weight: inherit;\">UDDEVALLA<\/span><\/td><td> <span style=\"font-size: revert; font-family: inherit; font-weight: inherit;\">070-6510838<\/span><\/td><td><a href=\"mailto:leif.berntsson2@telia.com\">leif.berntsson2@telia.com<\/a><\/td><\/tr><tr><td> <span style=\"font-size: revert; font-family: inherit; font-weight: inherit;\">CROONA J\u00d6RGEN<\/span> <\/td><td><span style=\"font-size: revert; font-family: inherit; font-weight: inherit;\">6<\/span>3535<\/td><td> <span style=\"font-size: revert; font-family: inherit; font-weight: inherit;\">STORA SUNDBY<\/span> <\/td><td> <span style=\"font-size: revert; font-family: inherit; font-weight: inherit;\">070-6954345<\/span> <\/td><td><a href=\"mailto:j@jarshammar.com\">j@jarshammar.com<\/a><\/td><\/tr><tr><td> <span style=\"font-size: revert; font-family: inherit; font-weight: inherit;\">EINARSSON JESPER<\/span> <\/td><td><span style=\"font-size: revert; font-family: inherit; font-weight: inherit;\">29<\/span>538<\/td><td><span style=\"font-size: revert; font-family: inherit; font-weight: inherit;\">BROM\u00d6LLA<\/span><\/td><td> <span style=\"font-size: revert; font-family: inherit; font-weight: inherit;\">076-7766033<\/span> <\/td><td><a href=\"mailto:jesper.einarsson@gmail.com\">jesper.einarsson@gmail.com<\/a><\/td><\/tr><tr><td> <span style=\"font-size: revert; font-family: inherit; font-weight: inherit;\">EMILSSON TONY<\/span> <\/td><td> <span style=\"font-size: revert; font-family: inherit; font-weight: inherit;\">38532<\/span> <\/td><td> <span style=\"font-size: revert; font-family: inherit; font-weight: inherit;\">TORS\u00c5S<\/span> <\/td><td> <span style=\"font-size: revert; font-family: inherit; font-weight: inherit;\">070-3209674<\/span> <\/td><td><a href=\"mailto:emilseftersok@telia.com\">emilseftersok@telia.com<\/a><\/td><\/tr><tr><td> <span style=\"font-size: revert; font-family: inherit; font-weight: inherit;\">FRANSSON BIRGER<\/span> <\/td><td><span style=\"font-size: revert; font-family: inherit; font-weight: inherit;\">38<\/span>473<\/td><td> <span style=\"font-size: revert; font-family: inherit; font-weight: inherit;\">FLISERYD<\/span> <\/td><td> <span style=\"font-size: revert; font-family: inherit; font-weight: inherit;\">076-0464212<\/span> <\/td><td><a href=\"mailto:franssonbirger@gmail.com\">franssonbirger@gmail.com<\/a><\/td><\/tr><tr><td>GUNNARSSON ISAK<\/td><td>75596<\/td><td>UPPSALA<\/td><td>073-4019351<\/td><td><a href=\"mailto:igunnarsson@live.se\">igunnarsson@live.se<\/a><\/td><\/tr><tr><td> <span style=\"font-size: revert; font-family: inherit; font-weight: inherit;\">GUSTAFSSON H\u00c5KAN<\/span> <\/td><td> <span style=\"font-size: revert; font-family: inherit; font-weight: inherit;\">38391<\/span> <\/td><td> <span style=\"font-size: revert; font-family: inherit; font-weight: inherit;\">M\u00d6NSTER\u00c5S<\/span> <\/td><td> <span style=\"font-size: revert; font-family: inherit; font-weight: inherit;\">070-8104326<\/span> <\/td><td><a href=\"mailto:hakan.gustavsson@sodra.com\">hakan.gustavsson@sodra.com<\/a><\/td><\/tr><tr><td> <span style=\"font-size: revert; font-family: inherit; font-weight: inherit;\">G\u00d6RANSSON KRISTOFFER<\/span> <\/td><td> <span style=\"font-size: revert; font-family: inherit; font-weight: inherit;\">73248<\/span> <\/td><td> <span style=\"font-size: revert; font-family: inherit; font-weight: inherit;\">ARBOGA<\/span> <\/td><td> <span style=\"font-size: revert; font-family: inherit; font-weight: inherit;\">076-9453612<\/span> <\/td><td><a href=\"mailto:kristoffer.goransson@hotmail.com\">kristoffer.goransson@hotmail.com<\/a><\/td><\/tr><tr><td> <span style=\"font-size: revert; font-family: inherit; font-weight: inherit;\">JOELSSON MIKAEL<\/span> <\/td><td> <span style=\"font-size: revert; font-family: inherit; font-weight: inherit;\">13835<\/span> <\/td><td> <span style=\"font-size: revert; font-family: inherit; font-weight: inherit;\">\u00c4LTA<\/span> <\/td><td><span style=\"font-size: revert; font-family: inherit; font-weight: inherit;\">070-<\/span>8914955<\/td><td><a href=\"mailto:Mikael.Joelsson@levinvvs.se\"><\/a><a href=\"mailto:m.joelsson2005@gmail.com\" target=\"_blank\" rel=\"noreferrer noopener\">m.joelsson2005@gmail.com<\/a>&nbsp;<\/td><\/tr><tr><td> <span style=\"font-size: revert; font-family: inherit; font-weight: inherit;\">KRISTOFFERSSON PER<\/span> <\/td><td> <span style=\"font-size: revert; font-family: inherit; font-weight: inherit;\">64192<\/span> <\/td><td> <span style=\"font-size: revert; font-family: inherit; font-weight: inherit;\">KATRINEHOLM<\/span> <\/td><td> <span style=\"font-size: revert; font-family: inherit; font-weight: inherit;\">070-3230778<\/span> <\/td><td><a href=\"mailto:mia.per@telia.com\">mia.per@telia.com<\/a><\/td><\/tr><tr><td> <span style=\"font-size: revert; font-family: inherit; font-weight: inherit;\">LANDGREN ANNELI<\/span> <\/td><td> <span style=\"font-size: revert; font-family: inherit; font-weight: inherit;\">83<\/span>293<\/td><td> FR\u00d6S\u00d6N <\/td><td> <span style=\"font-size: revert; font-family: inherit; font-weight: inherit;\">070-6190677<\/span> <\/td><td><a href=\"mailto:anneli.jamt@gmail.com\">anneli.jamt@gmail.com<\/a><\/td><\/tr><tr><td> <span style=\"font-size: revert; font-family: inherit; font-weight: inherit;\">LILJEGREN PEKKA<\/span> <\/td><td> <span style=\"font-size: revert; font-family: inherit; font-weight: inherit;\">38290<\/span> <\/td><td> <span style=\"font-size: revert; font-family: inherit; font-weight: inherit;\">\u00d6RSJ\u00d6<\/span> <\/td><td> <span style=\"font-size: revert; font-family: inherit; font-weight: inherit;\">070-2833240<\/span> <\/td><td><a href=\"mailto:margaretha_liljegren@yahoo.se\">margaretha_liljegren@yahoo.se<\/a><\/td><\/tr><tr><td> <span style=\"font-size: revert; font-family: inherit; font-weight: inherit;\">LUNDBERG ANISETTE<\/span> <\/td><td><span style=\"font-size: revert; font-family: inherit; font-weight: inherit;\">33<\/span>177<\/td><td> <span style=\"font-size: revert; font-family: inherit; font-weight: inherit;\">RYDAHOLM<\/span> <\/td><td> <span style=\"font-size: revert; font-family: inherit; font-weight: inherit;\">072-3163127<\/span> <\/td><td><a href=\"mailto:annisettlundberg@hotmail.com\">annisettlundberg@hotmail.com<\/a><\/td><\/tr><tr><td> <span style=\"font-size: revert; font-family: inherit; font-weight: inherit;\">LUNDBERG MATTIAS<\/span> <\/td><td><span style=\"font-size: revert; font-family: inherit; font-weight: inherit;\">33<\/span>177<\/td><td> <span style=\"font-size: revert; font-family: inherit; font-weight: inherit;\">RYDAHOLM<\/span> <\/td><td> <span style=\"font-size: revert; font-family: inherit; font-weight: inherit;\">073-9159066<\/span> <\/td><td><a href=\"mailto:mattias@hirschfanger.se\">mattias@hirschfanger.se<\/a><\/td><\/tr><tr><td> <span style=\"font-size: revert; font-family: inherit; font-weight: inherit;\">LYDEKING LINUS<\/span> <\/td><td> <span style=\"font-size: revert; font-family: inherit; font-weight: inherit;\">61191<\/span> <\/td><td> <span style=\"font-size: revert; font-family: inherit; font-weight: inherit;\">NYK\u00d6PING<\/span> <\/td><td> <span style=\"font-size: revert; font-family: inherit; font-weight: inherit;\">070-6366624<\/span> <\/td><td><a href=\"mailto:linus@lydeking.se\">linus@lydeking.se<\/a><\/td><\/tr><tr><td>L\u00d6FBERG FREDRIK<\/td><td>74291<\/td><td>\u00d6STHAMMAR<\/td><td>070-3632424<\/td><td><a href=\"mailto:fredriklovberg@live.se\">fredriklovberg@live.se<\/a><\/td><\/tr><tr><td> <span style=\"font-size: revert; font-family: inherit; font-weight: inherit;\">L\u00d6FVENHOLM CAROLA<\/span> <\/td><td> <span style=\"font-size: revert; font-family: inherit; font-weight: inherit;\">68691<\/span> <\/td><td> <span style=\"font-size: revert; font-family: inherit; font-weight: inherit;\">SUNNE<\/span> <\/td><td>072-5597770<\/td><td><a href=\"mailto:carola.lofvenholm@gmail.com\">carola.lofvenholm@gmail.com<\/a><\/td><\/tr><tr><td> <span style=\"font-size: revert; font-family: inherit; font-weight: inherit;\">MOBERG YVONNE<\/span> <\/td><td> <span style=\"font-size: revert; font-family: inherit; font-weight: inherit;\">64196<\/span> <\/td><td> <span style=\"font-size: revert; font-family: inherit; font-weight: inherit;\">KATRINEHOLM<\/span> <\/td><td> <span style=\"font-size: revert; font-family: inherit; font-weight: inherit;\">072-2042353<\/span> <\/td><td><a href=\"mailto:yvonne_moberg@hotmail.com\">yvonne_moberg@hotmail.com<\/a><\/td><\/tr><tr><td> <span style=\"font-size: revert; font-family: inherit; font-weight: inherit;\">OLSSON CARINA<\/span> <\/td><td><span style=\"font-size: revert; font-family: inherit; font-weight: inherit;\">66<\/span>496<\/td><td> <span style=\"font-size: revert; font-family: inherit; font-weight: inherit;\">SEGMON<\/span> <\/td><td> <span style=\"font-size: revert; font-family: inherit; font-weight: inherit;\">070-6712835<\/span> <\/td><td><a href=\"mailto:kennel@skogsraas.com\">kennel@skogsraas.com<\/a><\/td><\/tr><tr><td> <span style=\"font-size: revert; font-family: inherit; font-weight: inherit;\">OLSSON STEFAN<\/span> <\/td><td><span style=\"font-size: revert; font-family: inherit; font-weight: inherit;\">66<\/span>496<\/td><td> <span style=\"font-size: revert; font-family: inherit; font-weight: inherit;\">SEGMON<\/span> <\/td><td><span style=\"font-size: revert; font-family: inherit; font-weight: inherit;\"><span style=\"font-size: revert; font-family: inherit; font-weight: inherit;\">070-6712835<\/span><\/span><\/td><td><a href=\"mailto:stefan.olsson@storaenso.com\"><\/a><a href=\"mailto:barkerud123@gmail.com\" data-type=\"mailto\" data-id=\"mailto:barkerud123@gmail.com\">barkerud123@gmail.com<\/a><\/td><\/tr><tr><td> <span style=\"font-size: revert; font-family: inherit; font-weight: inherit;\">PAG\u00c9N JAN<\/span> <\/td><td> <span style=\"font-size: revert; font-family: inherit; font-weight: inherit;\">76113<\/span> <\/td><td> <span style=\"font-size: revert; font-family: inherit; font-weight: inherit;\">RIALA<\/span> <\/td><td> <span style=\"font-size: revert; font-family: inherit; font-weight: inherit;\">076-2132106<\/span> <\/td><td><a href=\"mailto:janne.pagen@live.se\">janne.pagen@live.se<\/a><\/td><\/tr><tr><td> <span style=\"font-size: revert; font-family: inherit; font-weight: inherit;\">PEDERSEN ANDERS<\/span> <\/td><td> <span style=\"font-size: revert; font-family: inherit; font-weight: inherit;\">26890<\/span> <\/td><td> <span style=\"font-size: revert; font-family: inherit; font-weight: inherit;\">SVAL\u00d6V<\/span> <\/td><td> <span style=\"font-size: revert; font-family: inherit; font-weight: inherit;\">070-3966993<\/span> <\/td><td><a href=\"mailto:anders.gt.pedersen.ap@gmail.com\"><\/a><a href=\"mailto:anders.gt.pedersen.ap@gmail.com\">anders.gt.pedersen.ap@gmail.com<\/a><\/td><\/tr><tr><td>PERSSON, ULF<\/td><td>29192<\/td><td>KRISTIANSTAD<\/td><td>070-8601350<\/td><td><a href=\"mailto:ulf.persson72@gmail.com\">ulf.persson72@gmail.com<\/a><\/td><\/tr><tr><td> <span style=\"font-size: revert; font-family: inherit; font-weight: inherit;\">P\u00c5LSSON OLOF<\/span> <\/td><td> <span style=\"font-size: revert; font-family: inherit; font-weight: inherit;\">66640<\/span> <\/td><td> <span style=\"font-size: revert; font-family: inherit; font-weight: inherit;\">SK\u00c5PAFORS<\/span> <\/td><td> <span style=\"font-size: revert; font-family: inherit; font-weight: inherit;\">070-8177109<\/span> <\/td><td><a href=\"mailto:olof.eftersoksjagaren@gmail.com\">olof.eftersoksjagaren@gmail.com<\/a><\/td><\/tr><tr><td> <span style=\"font-size: revert; font-family: inherit; font-weight: inherit;\">SJ\u00d6BERG NANCY<\/span> <\/td><td><span style=\"font-size: revert; font-family: inherit; font-weight: inherit;\">5729<\/span>5<\/td><td> <span style=\"font-size: revert; font-family: inherit; font-weight: inherit;\">FIGGEHOLM<\/span> <\/td><td> <span style=\"font-size: revert; font-family: inherit; font-weight: inherit;\">070-3784677<\/span> <\/td><td><a href=\"mailto:nancysjoberg@oskarshamnsmark.se\">nancysjoberg@oskarshamnsmark.se<\/a><\/td><\/tr><tr><td> <span style=\"font-size: revert; font-family: inherit; font-weight: inherit;\">SK\u00d6LD MIKAEL<\/span> <\/td><td> <span style=\"font-size: revert; font-family: inherit; font-weight: inherit;\">74177<\/span> <\/td><td> <span style=\"font-size: revert; font-family: inherit; font-weight: inherit;\">UPPSALA<\/span> <\/td><td> <span style=\"font-size: revert; font-family: inherit; font-weight: inherit;\">070-8563977<\/span> <\/td><td><a href=\"mailto:mskold@gmail.com\">mskold@gmail.com<\/a><\/td><\/tr><tr><td> <span style=\"font-size: revert; font-family: inherit; font-weight: inherit;\">SPARF TONY<\/span> <\/td><td> <span style=\"font-size: revert; font-family: inherit; font-weight: inherit;\">74386<\/span> <\/td><td> <span style=\"font-size: revert; font-family: inherit; font-weight: inherit;\">B\u00c4LINGE<\/span> <\/td><td> <span style=\"font-size: revert; font-family: inherit; font-weight: inherit;\">070-5626000<\/span> <\/td><td><a href=\"mailto:tony.sparf@telia.com\">tony.sparf@telia.com<\/a><\/td><\/tr><tr><td> <span style=\"font-size: revert; font-family: inherit; font-weight: inherit;\">SP\u00c5NGBERG JEANETTE<\/span> <\/td><td> <span style=\"font-size: revert; font-family: inherit; font-weight: inherit;\">65457<\/span> <\/td><td> <span style=\"font-size: revert; font-family: inherit; font-weight: inherit;\">KARLSTAD<\/span> <\/td><td> <span style=\"font-size: revert; font-family: inherit; font-weight: inherit;\">070-6<\/span><span style=\"font-size: revert; font-family: inherit; font-weight: inherit;\">280250<\/span> <\/td><td><a href=\"mailto:jeanettealstrum@hotmail.com\">jeanettealstrum@hotmail.com<\/a><\/td><\/tr><tr><td>VESTERMARK, URBAN<\/td><td>76295<\/td><td>GOTTR\u00d6RA<\/td><td>070-5285026<\/td><td><a href=\"mailto:info@hagbyjakt.se\">info@hagbyjakt.se<\/a><\/td><\/tr><tr><td>WALL RALF<\/td><td>24762<\/td><td>VEBER\u00d6D<\/td><td>076-8016142<\/td><td><a href=\"mailto:rw.sag.borrteknik@gmail.com\">rw.sag.borrteknik@gmail.com<\/a><\/td><\/tr><tr><td> <span style=\"font-size: revert; font-family: inherit; font-weight: inherit;\">WIDLUND HENRIK<\/span> <\/td><td> <span style=\"font-size: revert; font-family: inherit; font-weight: inherit;\">69392<\/span> <\/td><td> <span style=\"font-size: revert; font-family: inherit; font-weight: inherit;\">DEGERFORS<\/span> <\/td><td> <span style=\"font-size: revert; font-family: inherit; font-weight: inherit;\">072-2059484<\/span> <\/td><td><a href=\"mailto:widlund1966@gmail.com\">widlund1966@gmail.com<\/a><\/td><\/tr><tr><td> <span style=\"font-size: revert; font-family: inherit; font-weight: inherit;\">WILSON EDIT<\/span> <\/td><td> <span style=\"font-size: revert; font-family: inherit; font-weight: inherit;\">51452<\/span> <\/td><td> <span style=\"font-size: revert; font-family: inherit; font-weight: inherit;\">L\u00c4NGHEM<\/span> <\/td><td> <span style=\"font-size: revert; font-family: inherit; font-weight: inherit;\">073-0553867<\/span> <\/td><td><a href=\"mailto:edit@attivo.nu\">edit@attivo.nu<\/a><\/td><\/tr><\/tbody><\/table><\/figure>\n\n\n\n<p><\/p>\n","protected":false},"excerpt":{"rendered":"<p>Uppdaterad 2026-04-13 Namn Postnr Ort Mobil Epost ANDERSSON PETER 26371 JONSTORP 070-2007542 andersson@holmen.com BENGTSSON BJ\u00d6RN 26777 EKEBY 070-6723052 eftersok@telia.com BERNTSSON LEIF 45193 UDDEVALLA 070-6510838 leif.berntsson2@telia.com CROONA J\u00d6RGEN 63535 STORA SUNDBY [&hellip;]<\/p>\n","protected":false},"author":1,"featured_media":0,"parent":0,"menu_order":0,"comment_status":"closed","ping_status":"closed","template":"","meta":{"_cbd_carousel_blocks":"[]","_monsterinsights_skip_tracking":false,"_monsterinsights_sitenote_active":false,"_monsterinsights_sitenote_note":"","_monsterinsights_sitenote_category":0,"site-sidebar-layout":"default","site-content-layout":"","ast-site-content-layout":"","site-content-style":"default","site-sidebar-style":"default","ast-global-header-display":"","ast-banner-title-visibility":"","ast-main-header-display":"","ast-hfb-above-header-display":"","ast-hfb-below-header-display":"","ast-hfb-mobile-header-display":"","site-post-title":"","ast-breadcrumbs-content":"","ast-featured-img":"","footer-sml-layout":"","ast-disable-related-posts":"","theme-transparent-header-meta":"","adv-header-id-meta":"","stick-header-meta":"","header-above-stick-meta":"","header-main-stick-meta":"","header-below-stick-meta":"","astra-migrate-meta-layouts":"default","ast-page-background-enabled":"default","ast-page-background-meta":{"desktop":{"background-color":"var(--ast-global-color-4)","background-image":"","background-repeat":"repeat","background-position":"center center","background-size":"auto","background-attachment":"scroll","background-type":"","background-media":"","overlay-type":"","overlay-color":"","overlay-opacity":"","overlay-gradient":""},"tablet":{"background-color":"","background-image":"","background-repeat":"repeat","background-position":"center center","background-size":"auto","background-attachment":"scroll","background-type":"","background-media":"","overlay-type":"","overlay-color":"","overlay-opacity":"","overlay-gradient":""},"mobile":{"background-color":"","background-image":"","background-repeat":"repeat","background-position":"center center","background-size":"auto","background-attachment":"scroll","background-type":"","background-media":"","overlay-type":"","overlay-color":"","overlay-opacity":"","overlay-gradient":""}},"ast-content-background-meta":{"desktop":{"background-color":"var(--ast-global-color-5)","background-image":"","background-repeat":"repeat","background-position":"center center","background-size":"auto","background-attachment":"scroll","background-type":"","background-media":"","overlay-type":"","overlay-color":"","overlay-opacity":"","overlay-gradient":""},"tablet":{"background-color":"var(--ast-global-color-5)","background-image":"","background-repeat":"repeat","background-position":"center center","background-size":"auto","background-attachment":"scroll","background-type":"","background-media":"","overlay-type":"","overlay-color":"","overlay-opacity":"","overlay-gradient":""},"mobile":{"background-color":"var(--ast-global-color-5)","background-image":"","background-repeat":"repeat","background-position":"center center","background-size":"auto","background-attachment":"scroll","background-type":"","background-media":"","overlay-type":"","overlay-color":"","overlay-opacity":"","overlay-gradient":""}},"footnotes":""},"class_list":["post-88","page","type-page","status-publish","hentry"],"_links":{"self":[{"href":"https:\/\/wp.svshk.org\/index.php?rest_route=\/wp\/v2\/pages\/88","targetHints":{"allow":["GET"]}}],"collection":[{"href":"https:\/\/wp.svshk.org\/index.php?rest_route=\/wp\/v2\/pages"}],"about":[{"href":"https:\/\/wp.svshk.org\/index.php?rest_route=\/wp\/v2\/types\/page"}],"author":[{"embeddable":true,"href":"https:\/\/wp.svshk.org\/index.php?rest_route=\/wp\/v2\/users\/1"}],"replies":[{"embeddable":true,"href":"https:\/\/wp.svshk.org\/index.php?rest_route=%2Fwp%2Fv2%2Fcomments&post=88"}],"version-history":[{"count":6,"href":"https:\/\/wp.svshk.org\/index.php?rest_route=\/wp\/v2\/pages\/88\/revisions"}],"predecessor-version":[{"id":1632,"href":"https:\/\/wp.svshk.org\/index.php?rest_route=\/wp\/v2\/pages\/88\/revisions\/1632"}],"wp:attachment":[{"href":"https:\/\/wp.svshk.org\/index.php?rest_route=%2Fwp%2Fv2%2Fmedia&parent=88"}],"curies":[{"name":"wp","href":"https:\/\/api.w.org\/{rel}","templated":true}]}}